{"id":1700,"date":"2020-04-30T09:02:37","date_gmt":"2020-04-30T09:02:37","guid":{"rendered":"https:\/\/www.angelaolaru.com\/?page_id=1700"},"modified":"2020-04-30T09:02:37","modified_gmt":"2020-04-30T09:02:37","slug":"dra-angela-olaru","status":"publish","type":"page","link":"https:\/\/www.angelaolaru.com\/ca\/dra-angela-olaru\/","title":{"rendered":"Dra. Angela Olaru"},"content":{"rendered":"<p><a href=\"http:\/\/www.angelaolaru.com\/wp-content\/uploads\/2015\/05\/foto.jpg\"><img decoding=\"async\" class=\"alignleft size-full wp-image-243\" src=\"http:\/\/www.angelaolaru.com\/wp-content\/uploads\/2015\/05\/foto.jpg\" alt=\"foto\" width=\"300\" srcset=\"https:\/\/www.angelaolaru.com\/wp-content\/uploads\/2015\/05\/foto.jpg 541w, https:\/\/www.angelaolaru.com\/wp-content\/uploads\/2015\/05\/foto-300x218.jpg 300w\" sizes=\"(max-width: 541px) 100vw, 541px\" \/><\/a>Soy <strong>Angela Olaru, DC, PhD.<\/strong> Doctora en Atenci\u00f3n Primaria por el Departamento de Medicina, UIC, Barcelona y Licenciada Quiropr\u00e1ctica y en Biolog\u00eda Humana por Los Angeles Chiropractic College, Southern California University of Health Sciences, Whittier, California (U.S.A.)<\/p>\n<p>Tengo 25 a\u00f1os de pr\u00e1ctica privada como Dra. Quiropr\u00e1ctica (Doctor of Chiropractic). Entre 1990 y 2001, he tratado personas de todas las edades y condiciones, entre ellos varios deportistas de \u00e9lite, en Los Angeles, Roma, Ancona y Milano (Italia). Desde 2001 soy directora de Biovertix Quiropr\u00e0ctic, consulta quiropr\u00e1ctica privada de car\u00e1cter multidisciplinario, en Sant Cugat del Vall\u00e9s, BCN (Espa\u00f1a), donde trabajo en equipo con especialistas m\u00e9dicos: dermat\u00f3logos, odont\u00f3logos, cirujanos, m\u00e9dicos deportivos y del trabajo, traumat\u00f3logos, reumat\u00f3logos, gastroenter\u00f3logos, fisioterapeutas y otros profesionales de la salud como pod\u00f3logos, psic\u00f3logos, bi\u00f3logos, farmac\u00e9uticos y bioqu\u00edmicos.<\/p>\n<p><strong>He publicado y realizado trabajos de investigaci\u00f3n entre ellos:<\/strong> Estudio de validaci\u00f3n del postur\u00f3metro SAM (www.apunts.org), 2004; Estudio de investigaci\u00f3n sobre la biomec\u00e1nica y neurolog\u00eda de la postura b\u00edpeda: Valoraci\u00f3n de la postura b\u00edpeda en futbolistas juveniles de \u00e9lite, en per\u00edodo de tecnificaci\u00f3n, antes y despu\u00e9s del tratamiento quiropr\u00e1ctico, tesis doctoral (<a title=\"http:\/\/tdx.cesca.cat\/handle\/10803\/9353\" href=\"http:\/\/tdx.cesca.cat\/handle\/10803\/9353\" target=\"_blank\" rel=\"noopener noreferrer\">http:\/\/tdx.cesca.cat\/handle\/10803\/9353<\/a>), 2009.<\/p>\n<p><strong>Tambi\u00e9n he preparado art\u00edculos y conferencias<\/strong> sobre varios temas de medicina alternativa, complementaria, medicina hol\u00edstica, funcional e integrativa, entre otros: <em>Quiropr\u00e1ctica: M\u00e9todo Natural de Prevenci\u00f3n para la Artrosis y Osteoporosis; Quiropr\u00e1ctica y los Ni\u00f1os; Lesiones musculares en el trabajo de oficina; Medicina del siglo XXI; Valoraci\u00f3n Postural Global en el diagnostico musculo esquel\u00e9tico; Dieta Alcalinizante y Antiinflamatoria; Dieta para la limpieza del H\u00edgado; Dieta Antiinflamatoria para la V\u00e1lvula Ileocecal; Efectos adversos de los aditivos t\u00f3xicos sobre la nutrici\u00f3n celular y Equilibrio &#8211; clave maestra de la Salud.<\/em> Estos en youtube. (<a>https:\/\/www.youtube.com\/watch?v=UIRHSxs8gb8<\/a>).<\/p>\n<p><img loading=\"lazy\" decoding=\"async\" class=\"alignright size-full wp-image-118\" src=\"http:\/\/www.angelaolaru.com\/wp-content\/uploads\/2015\/05\/page_angela.jpg\" alt=\"page_angela\" width=\"250\" height=\"271\"><strong>Estoy especializada en el tratamiento manual espec\u00edfico de la columna vertebral y en la postura del cuerpo.<\/strong> Adem\u00e1s, utilizo kinesiolog\u00eda aplicada (AK), t\u00e9cnica diagnostico-terap\u00e9utica fundada en los a\u00f1os \u00b460 por el quiropr\u00e1ctico norteamericano Dr. George Goodheart. El enfoque hol\u00edstico de esta t\u00e9cnica permite recuperar y mantener el equilibrio fisiol\u00f3gico, estructural, bioqu\u00edmico y psicol\u00f3gico de la persona. Dicho equilibrio, tambi\u00e9n llamado homeostasis, es la condici\u00f3n fundamental para mantener la salud.<\/p>\n<p>En otras palabras, para mantener una buena salud toda la vida, hay que cuidar la columna vertebral, la postura, la nutrici\u00f3n, la hidrataci\u00f3n y la oxigenaci\u00f3n celular y a este prop\u00f3sito he dedicado mis \u00faltimos 25 a\u00f1os: ayudo a las personas a obtener, si se ha perdido, y mantener, si se conserva, su estado homeost\u00e1tico \u00f3ptimo.<\/p>\n<p>El primer objetivo de los art\u00edculos publicados en este blog es compartir mis conocimientos y experiencia profesional. Intento aportar, respaldada por investigaci\u00f3n cient\u00edfica, informaci\u00f3n sobre c\u00f3mo cuidarse continuamente y qu\u00e9 hay que evitar para prevenir las enfermedades y disfrutar de \u00f3ptima salud.<\/p>\n<p><strong>Mi misi\u00f3n es ayudar a la humanidad a liberarse del miedo a la enfermedad por medio del conocimiento, la verdad y la responsabilidad. <\/strong><\/p>\n<p>Quiero contribuir a la investigaci\u00f3n, educaci\u00f3n, informaci\u00f3n, comunicaci\u00f3n y colaboraci\u00f3n interdisciplinaria en el \u00e1mbito de la salud, con la convicci\u00f3n de que cada disciplina aporta m\u00e9todos y conocimientos complementarios, con los objetivos de <strong>mejorar la capacidad natural del organismo humano para afrontar el estr\u00e9s<\/strong> impuesto por la vida cotidiana, por condiciones ambientales y actividades extremas y, de <strong>recuperar, optimizar y mantener el estado de salud<\/strong> mejorando la calidad de vida del ser humano.<\/p>\n<p>M\u00e1s informaci\u00f3n: <a title=\"www.biovertixquiropractic.com\" href=\"http:\/\/www.biovertixquiropractic.com\" target=\"_blank\" rel=\"noopener noreferrer\">www.biovertixquiropractic.com<\/a><\/p>\n","protected":false},"excerpt":{"rendered":"<p>Soy Angela Olaru, DC, PhD. Doctora en Atenci\u00f3n Primaria por el Departamento de Medicina, UIC, Barcelona y Licenciada Quiropr\u00e1ctica y en Biolog\u00eda Humana por Los Angeles Chiropractic College, Southern California University of Health Sciences, Whittier, California (U.S.A.) Tengo 25 a\u00f1os de pr\u00e1ctica privada como Dra. Quiropr\u00e1ctica (Doctor of Chiropractic). Entre 1990 y 2001, he tratado [&hellip;]<\/p>\n","protected":false},"author":3,"featured_media":0,"parent":0,"menu_order":0,"comment_status":"closed","ping_status":"open","template":"","meta":{"footnotes":""},"class_list":["post-1700","page","type-page","status-publish","hentry"],"_links":{"self":[{"href":"https:\/\/www.angelaolaru.com\/ca\/wp-json\/wp\/v2\/pages\/1700","targetHints":{"allow":["GET"]}}],"collection":[{"href":"https:\/\/www.angelaolaru.com\/ca\/wp-json\/wp\/v2\/pages"}],"about":[{"href":"https:\/\/www.angelaolaru.com\/ca\/wp-json\/wp\/v2\/types\/page"}],"author":[{"embeddable":true,"href":"https:\/\/www.angelaolaru.com\/ca\/wp-json\/wp\/v2\/users\/3"}],"replies":[{"embeddable":true,"href":"https:\/\/www.angelaolaru.com\/ca\/wp-json\/wp\/v2\/comments?post=1700"}],"version-history":[{"count":1,"href":"https:\/\/www.angelaolaru.com\/ca\/wp-json\/wp\/v2\/pages\/1700\/revisions"}],"predecessor-version":[{"id":1701,"href":"https:\/\/www.angelaolaru.com\/ca\/wp-json\/wp\/v2\/pages\/1700\/revisions\/1701"}],"wp:attachment":[{"href":"https:\/\/www.angelaolaru.com\/ca\/wp-json\/wp\/v2\/media?parent=1700"}],"curies":[{"name":"wp","href":"https:\/\/api.w.org\/{rel}","templated":true}]}}